{"id":4866,"date":"2016-05-03T17:39:55","date_gmt":"2016-05-03T15:39:55","guid":{"rendered":"http:\/\/lofty-tours.com\/hindu-wedding\/"},"modified":"2022-04-20T14:39:13","modified_gmt":"2022-04-20T12:39:13","slug":"hindu-wedding","status":"publish","type":"page","link":"https:\/\/lofty-tours.com\/en\/marriages-in-kenya\/hindu-wedding\/","title":{"rendered":"Hindu Wedding"},"content":{"rendered":"<p>Wir k\u00f6nnen Ihnen helfen, Ihre hinduistische Hochzeit in Mombasa zu organisieren.<\/p>\n<p>Wo gef\u00e4llt es euch??? In einem hinduistischen Tempel, in einem Samaj, am Strand oder was ist Ihr bevorzugter Ort?<\/p>\n<p>Da es keine Standardzeremonie f\u00fcr hinduistische Ehen gibt, m\u00fcssen Sie mich zu den Riten beraten<br \/>\nIhre Familien verlangen, dass Sie auftreten, damit wir es hier mit dem Hindu-Priester organisieren k\u00f6nnen.<\/p>\n<p>\u2013 Die Mehndi-Zeremonie f\u00fcr die Braut.<\/p>\n<p>\u2013 Lagaan Lakwa-Zeremonie<\/p>\n<p>\u2013 Die Mandva f\u00fcr die Braut mit Pitty<\/p>\n<p>\u2013 Die Mandva f\u00fcr den Br\u00e4utigam mit Pitty<\/p>\n<p>\u2013 Kanyadaan \u2013 das Weggeben der Tochter durch den Vater<\/p>\n<p>\u2013 Panigrahana \u2013 ein Ritual in Gegenwart von Feuer, bei dem der Br\u00e4utigam die Hand der Braut als Zeichen ihrer Vereinigung nimmt<\/p>\n<p>\u2013 Saptapadi \u2013 ist das wichtigste Ritual.<\/p>\n<p>Es wird das Sieben-Stufen-Ritual genannt, bei dem jeder Schritt einem Gel\u00fcbde entspricht, das der Br\u00e4utigam der Braut ablegt, und einem Gel\u00fcbde, das die Braut dem Br\u00e4utigam ablegt.<\/p>\n<p>Die Gel\u00fcbde werden in Sanskrit in langer Form oder k\u00fcrzerer Form ausgesprochen, manchmal auch in der Sprache des Br\u00e4utigams und der Braut.<\/p>\n<p>Bei vielen Hochzeiten wird Saptapadi in der N\u00e4he eines Feuers durchgef\u00fchrt; und nach jedem der sieben gegenseitigen Schw\u00fcre f\u00fchren der Br\u00e4utigam und die Braut das Ritual von Agnipradakshinam durch \u2013 gehen um das Feuer herum, wobei die Enden ihrer Kleidungsst\u00fccke zusammengebunden sind.<\/p>\n<p>Der Br\u00e4utigam f\u00fchrt normalerweise die Braut beim Gang an.<\/p>\n<p>[12] Das Feuer ist eine Form von Yajna \u2013 ein vedisches Ritual, bei dem Feuer das g\u00f6ttliche Zeugnis (f\u00fcr die Hochzeit) ist.<\/p>\n<p>[6] Nach Saptapadi gilt das Paar als Ehemann und Ehefrau.<\/p>\n<p>Wir k\u00f6nnen die Dekoration f\u00fcr die verschiedenen Veranstaltungen, Mahlzeiten und Getr\u00e4nke gem\u00e4\u00df Ihrem Men\u00fc organisieren,<br \/>\ndas Mandwar, wie Sie es m\u00f6gen und alle anderen Anforderungen, die Sie haben.<\/p>\n<p>We can help you to organize your Hindu Wedding in Mombasa.<\/p>\n<p>Where do you like it??? In a Hindu Temple, in a Samaj, on the Beach or what is your place of choice??<\/p>\n<p>As there is not relay a standard ceremony for Hindu Marriages, you need to advise me to the rites<br \/>\nyour Families require you to perform so we can organize it here with the Hindu Priest.<\/p>\n<p>Here just a few samples:<\/p>\n<p>&#8211; The mehndi ceremony for the Bride<\/p>\n<p>&#8211; Lagaan Lakwa Ceremnony<\/p>\n<p>&#8211; The Mandva for the Bride with pitty<\/p>\n<p>&#8211; The Mandva for the Groom with pitty<\/p>\n<p>&#8211; Kanyadaan &#8211; the giving away of daughter by the father<\/p>\n<p>&#8211; Panigrahana &#8211; a ritual in presence of fire, where the groom takes the bride&#8217;s hand as a sign of their union<\/p>\n<p>&#8211; Saptapadi &#8211; is the most important ritual. It is called the seven step ritual, where each step corresponds to a vow groom makes to bride, and a vow the bride makes to groom.<\/p>\n<p>The vows are pronounced in Sanskrit in long form, or short quicker form, sometimes also in the language of the groom and bride.<\/p>\n<p>In many weddings, Saptapadi is performed near a fire; and after each of the seven oaths to each other, the groom and bride perform the ritual of agnipradakshinam &#8211; walk around the fire, with the end of their garments tied together.<\/p>\n<p>The groom usually leads the bride in the walk.<\/p>\n<p>[12] The fire is a form of yajna &#8211; a vedic ritual where fire is the divine witness (to the marriage).<\/p>\n<p>[6] After Saptapadi, the couple are considered husband and wife.<\/p>\n<p>We can organize the Decoration for the different Functions, Meals and Drinks as per your menue,<br \/>\nthe Mandvar as you like it and the priest with all required Items as per his list and any other you require.<\/p>\n<p>[nggallery id=195]<\/p>\n","protected":false},"excerpt":{"rendered":"<p>Wir k\u00f6nnen Ihnen helfen, Ihre hinduistische Hochzeit in Mombasa zu organisieren. Wo gef\u00e4llt es euch??? In einem hinduistischen Tempel, in einem Samaj, am Strand oder was ist Ihr bevorzugter Ort? Da es keine Standardzeremonie f\u00fcr hinduistische Ehen gibt, m\u00fcssen Sie mich zu den Riten beraten Ihre Familien verlangen, dass Sie auftreten, damit wir es hier [&hellip;]<\/p>\n","protected":false},"author":2,"featured_media":0,"parent":4412,"menu_order":0,"comment_status":"closed","ping_status":"closed","template":"","meta":{"footnotes":""},"class_list":["post-4866","page","type-page","status-publish","hentry"],"_links":{"self":[{"href":"https:\/\/lofty-tours.com\/en\/wp-json\/wp\/v2\/pages\/4866","targetHints":{"allow":["GET"]}}],"collection":[{"href":"https:\/\/lofty-tours.com\/en\/wp-json\/wp\/v2\/pages"}],"about":[{"href":"https:\/\/lofty-tours.com\/en\/wp-json\/wp\/v2\/types\/page"}],"author":[{"embeddable":true,"href":"https:\/\/lofty-tours.com\/en\/wp-json\/wp\/v2\/users\/2"}],"replies":[{"embeddable":true,"href":"https:\/\/lofty-tours.com\/en\/wp-json\/wp\/v2\/comments?post=4866"}],"version-history":[{"count":0,"href":"https:\/\/lofty-tours.com\/en\/wp-json\/wp\/v2\/pages\/4866\/revisions"}],"up":[{"embeddable":true,"href":"https:\/\/lofty-tours.com\/en\/wp-json\/wp\/v2\/pages\/4412"}],"wp:attachment":[{"href":"https:\/\/lofty-tours.com\/en\/wp-json\/wp\/v2\/media?parent=4866"}],"curies":[{"name":"wp","href":"https:\/\/api.w.org\/{rel}","templated":true}]}}